{"id":5770,"date":"2024-04-03T10:56:23","date_gmt":"2024-04-03T07:56:23","guid":{"rendered":"https:\/\/bella-santiago.ro\/?page_id=5770"},"modified":"2024-04-03T11:36:01","modified_gmt":"2024-04-03T08:36:01","slug":"politica-de-utilizare-cookies","status":"publish","type":"page","link":"https:\/\/bella-santiago.ro\/index.php\/politica-de-utilizare-cookies\/","title":{"rendered":"Politica de utilizare cookies"},"content":{"rendered":"\t\t<div data-elementor-type=\"wp-page\" data-elementor-id=\"5770\" class=\"elementor elementor-5770\">\n\t\t\t\t\t\t\t<div class=\"elementor-element elementor-element-145ec1a e-flex e-con-boxed e-con e-parent\" data-id=\"145ec1a\" data-element_type=\"container\" data-settings=\"{&quot;content_width&quot;:&quot;boxed&quot;}\" data-core-v316-plus=\"true\">\n\t\t\t\t\t<div class=\"e-con-inner\">\n\t\t\t\t<div class=\"elementor-element elementor-element-7da5179 elementor-widget elementor-widget-porto_ultimate_heading\" data-id=\"7da5179\" data-element_type=\"widget\" data-widget_type=\"porto_ultimate_heading.default\">\n\t\t\t\t<div class=\"elementor-widget-container\">\n\t\t\t<div class=\"porto-u-heading  porto-u-6893\"><div class=\"porto-u-sub-heading\" style=\"\"><p>olitica de utilizare cookie-uri \u0219i tehnologii similare.<\/p><p><strong>1. Politica de utilizare cookie-uri \u0219i tehnologii similare<\/strong><\/p><p>Aceast\u0103 politic\u0103 se refer\u0103 la cookie-urile \u0219i la tehnologiile similare folosite, dup\u0103 caz, \u00een website-urile \u0219i aplica\u021biile operate de <em>SANTIAGO LIVE EVENTS S.R.L.<\/em> (denumit\u0103 \u00een continuare Bella-Santiago.ro).<br \/>Cookie-urile sunt folosite pentru urm\u0103toarele scopuri:<br \/>\u2013 de func\u021bionare a site-ului,<br \/>\u2013 de analiz\u0103 a comportamentului vizitatorilor site-ului,<br \/>\u2013 pentru publicitate.<br \/>Aceast\u0103 politic\u0103 se completeaz\u0103 cu politica Bella-Santiago.ro cu privire la protec\u021bia datelor personale \u00een general pe care o pute\u021bi g\u0103si aici \u0219i cu Termenii \u0219i Condi\u021biile site-ului pe care le pute\u021bi g\u0103si aici, pe care v\u0103 recomand\u0103m s\u0103 le citi\u021bi, acestea incluz\u00e2nd informa\u021bii suplimentare utile, inclusiv cu privire la responsabilul Bella-Santiago.ro pentru protec\u021bia datelor personale, toate scopurile prelucr\u0103rilor de date de c\u0103tre Bella-Santiago.ro, drepturile dumneavoastr\u0103, precum \u0219i excep\u021biile \u0219i limitele acestora etc.<br \/>Pentru orice \u00eentrebare, v\u0103 rug\u0103m s\u0103 ne contacta\u021bi la office@Bella-Santiago.ro.<\/p><p><strong>2. Ce sunt cookie-urile?<\/strong><\/p><p>Cookie-ul este un fi\u0219ier de mici dimensiuni, format din litere \u0219i numere, care va fi stocat pe computerul, terminalul mobil sau alte echipamente ale unui utilizator de pe care se acceseaz\u0103 internetul. Cookie-ul este instalat prin solicitarea emis\u0103 de c\u0103tre terminalul utilizatorului c\u0103tre un server Bella-Santiago.ro sau c\u0103tre un server al unei ter\u021be p\u0103r\u021bi.<\/p><p><strong>3. La ce sunt folosite cookie-urile?<\/strong><\/p><p>Aceste fi\u0219iere fac posibil\u0103 \u00een principal recunoa\u0219terea terminalului utilizatorului \u0219i prezentarea con\u021binutului \u00eentr-un mod relevant, adaptat preferin\u021belor utilizatorului.<br \/>Cookie-urile asigur\u0103 utilizatorilor o experien\u021b\u0103 pl\u0103cut\u0103 de navigare \u0219i sus\u021bin eforturile Bella-Santiago.ro pentru a oferi servicii mai adaptate utilizatorilor, ex: \u2013 preferin\u021bele \u00een materie de confiden\u021bialitate online, co\u0219ul de cump\u0103r\u0103turi sau publicitate relevant\u0103. De asemenea, sunt utilizate \u00een preg\u0103tirea unor statistici anonime agregate care ne ajut\u0103 s\u0103 \u00een\u021belegem cum un utilizator beneficiaz\u0103 de paginile noastre de internet, permi\u021b\u00e2ndu-ne \u00eembun\u0103t\u0103\u021birea structurii \u0219i con\u021binutului lor, f\u0103r\u0103 a permite identificarea personal\u0103 a utilizatorului.<\/p><p><strong>4. Ce cookie-uri folosim?<\/strong><\/p><p>Folosim dou\u0103 tipuri de cookie-uri: per sesiune \u0219i fixe. Cookie-urile per sesiune sunt fi\u0219iere temporare ce r\u0103m\u00e2n \u00een terminalul utilizatorului p\u00e2n\u0103 la terminarea sesiunii sau \u00eenchiderea aplica\u021biei. Cookie-urile fixe r\u0103m\u00e2n pe terminalul utilizatorului pe o perioad\u0103 determinat\u0103 de parametrii cookie-ului sau p\u00e2n\u0103 sunt \u0219terse manual de utilizator.<\/p><p><strong>5. Cum sunt folosite cookie-urile de c\u0103tre acest site?<\/strong><\/p><p>O vizit\u0103 pe acest site poate plasa urm\u0103toarele tipuri de cookie-uri:<br \/>cookie-uri strict necesare pentru func\u021bionarea site-ului<br \/>cookie-uri de analiz\u0103<br \/>cookie-uri pentru publicitate<br \/>Cookie-urile \u0219i\/sau tehnologiile similare strict necesare sunt esen\u021biale pentru buna func\u021bionare a site-ului, fiind setate pe dispozitivul dumneavoastr\u0103 la accesarea site-ului sau \u00een urma ac\u021biunilor efectuate \u00een site, dup\u0103 caz. Pute\u021bi seta browser-ul dumneavoastr\u0103 pentru a bloca cookie-urile, \u00eens\u0103 \u00een acest caz anumite sec\u021biuni ale site-ului nu vor func\u021biona corect.<\/p><p><strong>6. Con\u021bin cookie-urile sau tehnologiile similare date personale?<\/strong><\/p><p>Cookie-urile sau tehnologiile similare \u00een sine nu solicit\u0103 informa\u021bii cu caracter personal pentru a putea fi utilizate \u0219i, \u00een multe cazuri, nici nu identific\u0103 personal utilizatorii de internet. Exist\u0103 \u00eens\u0103 situa\u021bii c\u00e2nd datele personale pot fi colectate prin utilizarea cookie-urilor pentru a facilita anumite func\u021bionalit\u0103\u021bi pentru utilizator sau pentru a oferi utilizatorului o experien\u021b\u0103 mai adaptat\u0103 preferin\u021belor sale. Astfel de date sunt criptate \u00eentr-un mod care face imposibil accesul persoanelor neautorizate la ele.<br \/>Ce sunt tehnologiile similare?<br \/>Exist\u0103 alte tehnologii care pot fi utilizate \u00een acelea\u0219i scopuri precum cookie-urile.<\/p><p><strong>7. Blocare cookie-uri<\/strong><\/p><p>\u00cen cazul \u00een care dori\u021bi sa bloca\u021bi cookie-urile, unele func\u021bionalit\u0103\u021bi ale site\u2011ului vor fi oprite, iar acest lucru poate genera anumite disfunc\u021bionalit\u0103\u021bi sau erori \u00een folosirea site-ului nostru. De exemplu, blocarea cookie-urilor v\u0103 poate \u00eempiedica s\u0103:<br \/>\u2022 cump\u0103ra\u021bi online<br \/>\u2022 v\u0103 autentifica\u021bi \u00een contul dumneavoastr\u0103<br \/>\u00cen cazul \u00een care e\u0219ti de acord cu aceste limit\u0103ri \u0219i dore\u0219ti s\u0103 blochezi cookie-urile, urmeaz\u0103 instruc\u021biunile de mai jos:<br \/>Cele mai multe browsere sunt setate implicit s\u0103 accepte cookie-uri, dar ave\u021bi posibilitatea s\u0103 modifica\u021bi set\u0103rile pentru a bloca unele sau toate cookie-urile.<\/p><p><strong>8. Administrarea preferin\u021belor cu privire la plasarea de cookie-uri<\/strong><\/p><p>\u00cen general, o aplica\u021bie folosit\u0103 pentru accesarea paginilor web permite salvarea cookie-urilor \u0219i\/sau a tehnologiilor similare pe terminal \u00een mod implicit. Aceste set\u0103ri pot fi schimbate \u00een a\u0219a fel \u00eenc\u00e2t administrarea automat\u0103 a cookie-urilor s\u0103 fie blocat\u0103 de browser-ul web sau utilizatorul s\u0103 fie informat de fiecare dat\u0103 c\u00e2nd cookie-uri sunt trimise c\u0103tre terminalul s\u0103u.<br \/>Informa\u021bii detaliate despre posibilit\u0103\u021bile \u0219i modurile de administrare a cookie-urilor pot fi g\u0103site \u00een zona de set\u0103ri a aplica\u021biei (browser-ului web). Limitarea folosirii cookie-urilor poate afecta anumite func\u021bionalit\u0103\u021bi ale website-ului.<\/p><p><strong>9. De ce sunt cookie-urile \u0219i\/sau tehnologiile similare importante pentru Internet?<\/strong><\/p><p>Cookie-urile \u0219i\/sau tehnologiile similare reprezint\u0103 un punct central al func\u021bion\u0103rii eficiente a Internetului, ajut\u00e2nd la generarea unei experien\u021be de navigare prietenoase \u0219i adaptate preferin\u021belor \u0219i intereselor fiec\u0103rui utilizator. Refuzarea sau dezactivarea cookie-urilor poate face unele site-uri sau p\u0103r\u021bi ale site-urilor imposibil de folosit.<br \/>Dezactivarea cookie-urilor nu \u00eenseamn\u0103 c\u0103 nu ve\u021bi mai primi, cu respectarea legisla\u021biei, publicitate online \u2013 ci doar c\u0103 aceasta nu va mai putea \u021bine cont de preferin\u021bele \u0219i interesele dvs., eviden\u021biate prin comportamentul de navigare.<br \/>Exemple de \u00eentrebuin\u021b\u0103ri importante ale cookie-urilor (care nu necesit\u0103 autentificarea unui utilizator prin intermediul unui cont):<br \/>Con\u021binut \u0219i servicii adaptate preferin\u021belor utilizatorului \u2013 categorii de produse \u0219i servicii.<br \/>Oferte adaptate intereselor utilizatorilor<br \/>Re\u021binerea parolelor<br \/>Re\u021binerea filtrelor de protec\u021bie a copiilor privind con\u021binutul pe Internet (op\u021biuni family mode, func\u021bii de safe search).<br \/>Limitarea frecven\u021bei de difuzare a reclamelor \u2013 limitarea num\u0103rului de afi\u0219\u0103ri a unei reclame pentru un anumit utilizator pe un site.<br \/>Furnizarea de publicitate relevant\u0103 pentru utilizator.<br \/>M\u0103surarea, optimizarea \u0219i adaptarea caracteristicilor de analiz\u0103 \u2013 cum ar fi confirmarea unui anumit nivel de trafic pe un website, ce tip de con\u021binut este vizualizat \u0219i modul cum un utilizator ajunge pe un website (ex: prin motoare de c\u0103utare, direct, din alte website-uri etc.). Website-urile deruleaz\u0103 aceste analize privitoare la utilizarea lor pentru a-\u0219i \u00eembun\u0103t\u0103\u021bi serviciile \u00een beneficiul utilizatorilor.<\/p><p><strong>10. Securitate \u0219i aspecte legate de confiden\u021bialitate<\/strong><\/p><p>\u00cen general browserele au integrate set\u0103ri de confiden\u021bialitate care furnizeaz\u0103 diferite niveluri de acceptare a cookie-urilor, perioada de valabilitate \u0219i \u0219tergere automat\u0103 dup\u0103 ce utilizatorul a vizitat un anumit site.<br \/>Alte aspecte de securitate legate de cookie-uri:<br \/>\u2022 Particularizarea set\u0103rilor browserului \u00een ceea ce prive\u0219te cookie-urile pentru a reflecta un nivel confortabil pentru dumneavoastr\u0103 al securit\u0103\u021bii utiliz\u0103rii cookie-urilor.<br \/>\u2022 Dac\u0103 sunte\u021bi singura persoan\u0103 care utilizeaz\u0103 computerul, pute\u021bi seta, dac\u0103 dori\u021bi, termene lungi de expirare pentru stocarea istoricului de navigare \u0219i a datelor personale de acces.<br \/>\u2022 Dac\u0103 \u00eemp\u0103r\u021bi\u021bi accesul la calculator, pute\u021bi lua \u00een considerare setarea browserului pentru a \u0219terge datele individuale de navigare de fiecare dat\u0103 c\u00e2nd \u00eenchide\u021bi browserul. Aceasta este o variant\u0103 de a accesa site-urile care plaseaz\u0103 cookie-uri \u0219i de a \u0219terge orice informa\u021bie de vizitare la \u00eenchiderea sesiunii de navigare.<\/p><p id=\"section-11\"><strong>11. Linkuri \u0219i informa\u021bii suplimentare utile<\/strong><\/p><p>Dac\u0103 dori\u021bi s\u0103 afla\u021bi mai multe informa\u021bii despre cookie-uri \u0219i la ce sunt utilizate, recomand\u0103m urm\u0103toarele linkuri:<br \/><a href=\"https:\/\/support.microsoft.com\/en-us\/help\/260971\/description-of-cookies\" target=\"_blank\" rel=\"noopener\">Microsoft Cookies guide<\/a><br \/><a href=\"http:\/\/www.allaboutcookies.org\/\" target=\"_blank\" rel=\"noopener\">All About Cookies<\/a><br \/><a href=\"http:\/\/www.youronlinechoices.com\/ro\/\" target=\"_blank\" rel=\"noopener\">http:\/\/www.youronlinechoices.com\/ro\/<\/a><\/p><p>Bella-Santiago.ro folose\u0219te servicii oferite de ter\u021be p\u0103r\u021bi \u00een scopul oferirii de func\u021bionalit\u0103\u021bi, pentru analiz\u0103 \u0219i pentru publicitate. Este posibil ca aceste ter\u021be p\u0103r\u021bi s\u0103 seteze \u0219i s\u0103 foloseasc\u0103 cookie-uri \u0219i\/sau tehnologii similare pe website-urile \u0219i \u00een aplica\u021biile operate de Bella-Santiago.ro, precum \u0219i pe website-uri \u0219i \u00een aplica\u021bii altele dec\u00e2t cele operate de Bella-Santiago.ro.<\/p><\/div><style>.porto-u-6893.porto-u-heading{text-align:center}<\/style><\/div>\t\t<\/div>\n\t\t\t\t<\/div>\n\t\t\t\t\t<\/div>\n\t\t\t\t<\/div>\n\t\t\t\t\t\t\t<\/div>\n\t\t","protected":false},"excerpt":{"rendered":"<p>olitica de utilizare cookie-uri \u0219i tehnologii similare. 1. Politica de utilizare cookie-uri \u0219i tehnologii similare Aceast\u0103 politic\u0103 se refer\u0103 la cookie-urile \u0219i la tehnologiile similare folosite, dup\u0103 caz, \u00een website-urile \u0219i aplica\u021biile operate de SANTIAGO LIVE EVENTS S.R.L. (denumit\u0103 \u00een continuare Bella-Santiago.ro).Cookie-urile sunt folosite pentru urm\u0103toarele scopuri:\u2013 de func\u021bionare a site-ului,\u2013 de analiz\u0103 a comportamentului [&hellip;]<\/p>\n","protected":false},"author":1,"featured_media":0,"parent":0,"menu_order":0,"comment_status":"closed","ping_status":"closed","template":"","meta":{"footnotes":""},"yoast_head":"<!-- This site is optimized with the Yoast SEO plugin v22.3 - https:\/\/yoast.com\/wordpress\/plugins\/seo\/ -->\n<title>Politica de utilizare cookies - Bella Santiago Official<\/title>\n<meta name=\"robots\" content=\"index, follow, max-snippet:-1, max-image-preview:large, max-video-preview:-1\" \/>\n<link rel=\"canonical\" href=\"https:\/\/bella-santiago.ro\/index.php\/politica-de-utilizare-cookies\/\" \/>\n<meta property=\"og:locale\" content=\"ro_RO\" \/>\n<meta property=\"og:type\" content=\"article\" \/>\n<meta property=\"og:title\" content=\"Politica de utilizare cookies - Bella Santiago Official\" \/>\n<meta property=\"og:description\" content=\"olitica de utilizare cookie-uri \u0219i tehnologii similare. 1. Politica de utilizare cookie-uri \u0219i tehnologii similare Aceast\u0103 politic\u0103 se refer\u0103 la cookie-urile \u0219i la tehnologiile similare folosite, dup\u0103 caz, \u00een website-urile \u0219i aplica\u021biile operate de SANTIAGO LIVE EVENTS S.R.L. (denumit\u0103 \u00een continuare Bella-Santiago.ro).Cookie-urile sunt folosite pentru urm\u0103toarele scopuri:\u2013 de func\u021bionare a site-ului,\u2013 de analiz\u0103 a comportamentului [&hellip;]\" \/>\n<meta property=\"og:url\" content=\"https:\/\/bella-santiago.ro\/index.php\/politica-de-utilizare-cookies\/\" \/>\n<meta property=\"og:site_name\" content=\"Bella Santiago Official\" \/>\n<meta property=\"article:publisher\" content=\"https:\/\/www.facebook.com\/bellasantiagoo\/\" \/>\n<meta property=\"article:modified_time\" content=\"2024-04-03T08:36:01+00:00\" \/>\n<meta property=\"og:image\" content=\"https:\/\/bella-santiago.ro\/wp-content\/uploads\/2024\/01\/logo-black.png\" \/>\n\t<meta property=\"og:image:width\" content=\"9338\" \/>\n\t<meta property=\"og:image:height\" content=\"5238\" \/>\n\t<meta property=\"og:image:type\" content=\"image\/png\" \/>\n<meta name=\"twitter:card\" content=\"summary_large_image\" \/>\n<meta name=\"twitter:label1\" content=\"Timp estimat pentru citire\" \/>\n\t<meta name=\"twitter:data1\" content=\"7 minute\" \/>\n<script type=\"application\/ld+json\" class=\"yoast-schema-graph\">{\"@context\":\"https:\/\/schema.org\",\"@graph\":[{\"@type\":\"WebPage\",\"@id\":\"https:\/\/bella-santiago.ro\/index.php\/politica-de-utilizare-cookies\/\",\"url\":\"https:\/\/bella-santiago.ro\/index.php\/politica-de-utilizare-cookies\/\",\"name\":\"Politica de utilizare cookies - Bella Santiago Official\",\"isPartOf\":{\"@id\":\"https:\/\/bella-santiago.ro\/#website\"},\"datePublished\":\"2024-04-03T07:56:23+00:00\",\"dateModified\":\"2024-04-03T08:36:01+00:00\",\"breadcrumb\":{\"@id\":\"https:\/\/bella-santiago.ro\/index.php\/politica-de-utilizare-cookies\/#breadcrumb\"},\"inLanguage\":\"ro-RO\",\"potentialAction\":[{\"@type\":\"ReadAction\",\"target\":[\"https:\/\/bella-santiago.ro\/index.php\/politica-de-utilizare-cookies\/\"]}]},{\"@type\":\"BreadcrumbList\",\"@id\":\"https:\/\/bella-santiago.ro\/index.php\/politica-de-utilizare-cookies\/#breadcrumb\",\"itemListElement\":[{\"@type\":\"ListItem\",\"position\":1,\"name\":\"Prima pagin\u0103\",\"item\":\"https:\/\/bella-santiago.ro\/\"},{\"@type\":\"ListItem\",\"position\":2,\"name\":\"Politica de utilizare cookies\"}]},{\"@type\":\"WebSite\",\"@id\":\"https:\/\/bella-santiago.ro\/#website\",\"url\":\"https:\/\/bella-santiago.ro\/\",\"name\":\"Bella Santiago Official\",\"description\":\"Bella Santiago Official\",\"publisher\":{\"@id\":\"https:\/\/bella-santiago.ro\/#organization\"},\"potentialAction\":[{\"@type\":\"SearchAction\",\"target\":{\"@type\":\"EntryPoint\",\"urlTemplate\":\"https:\/\/bella-santiago.ro\/?s={search_term_string}\"},\"query-input\":\"required name=search_term_string\"}],\"inLanguage\":\"ro-RO\"},{\"@type\":\"Organization\",\"@id\":\"https:\/\/bella-santiago.ro\/#organization\",\"name\":\"Bella Santiago Official\",\"url\":\"https:\/\/bella-santiago.ro\/\",\"logo\":{\"@type\":\"ImageObject\",\"inLanguage\":\"ro-RO\",\"@id\":\"https:\/\/bella-santiago.ro\/#\/schema\/logo\/image\/\",\"url\":\"https:\/\/bella-santiago.ro\/wp-content\/uploads\/2024\/04\/logo1.jpg\",\"contentUrl\":\"https:\/\/bella-santiago.ro\/wp-content\/uploads\/2024\/04\/logo1.jpg\",\"width\":1,\"height\":1,\"caption\":\"Bella Santiago Official\"},\"image\":{\"@id\":\"https:\/\/bella-santiago.ro\/#\/schema\/logo\/image\/\"},\"sameAs\":[\"https:\/\/www.facebook.com\/bellasantiagoo\/\",\"https:\/\/www.youtube.com\/channel\/UCiYpLWegYld8lnKjv-4smYw\",\"https:\/\/www.instagram.com\/bellasantiagofficial\/?hl=en\",\"https:\/\/www.tiktok.com\/@bellasantiagobella?lang=en\"]}]}<\/script>\n<!-- \/ Yoast SEO plugin. -->","yoast_head_json":{"title":"Politica de utilizare cookies - Bella Santiago Official","robots":{"index":"index","follow":"follow","max-snippet":"max-snippet:-1","max-image-preview":"max-image-preview:large","max-video-preview":"max-video-preview:-1"},"canonical":"https:\/\/bella-santiago.ro\/index.php\/politica-de-utilizare-cookies\/","og_locale":"ro_RO","og_type":"article","og_title":"Politica de utilizare cookies - Bella Santiago Official","og_description":"olitica de utilizare cookie-uri \u0219i tehnologii similare. 1. Politica de utilizare cookie-uri \u0219i tehnologii similare Aceast\u0103 politic\u0103 se refer\u0103 la cookie-urile \u0219i la tehnologiile similare folosite, dup\u0103 caz, \u00een website-urile \u0219i aplica\u021biile operate de SANTIAGO LIVE EVENTS S.R.L. (denumit\u0103 \u00een continuare Bella-Santiago.ro).Cookie-urile sunt folosite pentru urm\u0103toarele scopuri:\u2013 de func\u021bionare a site-ului,\u2013 de analiz\u0103 a comportamentului [&hellip;]","og_url":"https:\/\/bella-santiago.ro\/index.php\/politica-de-utilizare-cookies\/","og_site_name":"Bella Santiago Official","article_publisher":"https:\/\/www.facebook.com\/bellasantiagoo\/","article_modified_time":"2024-04-03T08:36:01+00:00","og_image":[{"width":9338,"height":5238,"url":"https:\/\/bella-santiago.ro\/wp-content\/uploads\/2024\/01\/logo-black.png","type":"image\/png"}],"twitter_card":"summary_large_image","twitter_misc":{"Timp estimat pentru citire":"7 minute"},"schema":{"@context":"https:\/\/schema.org","@graph":[{"@type":"WebPage","@id":"https:\/\/bella-santiago.ro\/index.php\/politica-de-utilizare-cookies\/","url":"https:\/\/bella-santiago.ro\/index.php\/politica-de-utilizare-cookies\/","name":"Politica de utilizare cookies - Bella Santiago Official","isPartOf":{"@id":"https:\/\/bella-santiago.ro\/#website"},"datePublished":"2024-04-03T07:56:23+00:00","dateModified":"2024-04-03T08:36:01+00:00","breadcrumb":{"@id":"https:\/\/bella-santiago.ro\/index.php\/politica-de-utilizare-cookies\/#breadcrumb"},"inLanguage":"ro-RO","potentialAction":[{"@type":"ReadAction","target":["https:\/\/bella-santiago.ro\/index.php\/politica-de-utilizare-cookies\/"]}]},{"@type":"BreadcrumbList","@id":"https:\/\/bella-santiago.ro\/index.php\/politica-de-utilizare-cookies\/#breadcrumb","itemListElement":[{"@type":"ListItem","position":1,"name":"Prima pagin\u0103","item":"https:\/\/bella-santiago.ro\/"},{"@type":"ListItem","position":2,"name":"Politica de utilizare cookies"}]},{"@type":"WebSite","@id":"https:\/\/bella-santiago.ro\/#website","url":"https:\/\/bella-santiago.ro\/","name":"Bella Santiago Official","description":"Bella Santiago Official","publisher":{"@id":"https:\/\/bella-santiago.ro\/#organization"},"potentialAction":[{"@type":"SearchAction","target":{"@type":"EntryPoint","urlTemplate":"https:\/\/bella-santiago.ro\/?s={search_term_string}"},"query-input":"required name=search_term_string"}],"inLanguage":"ro-RO"},{"@type":"Organization","@id":"https:\/\/bella-santiago.ro\/#organization","name":"Bella Santiago Official","url":"https:\/\/bella-santiago.ro\/","logo":{"@type":"ImageObject","inLanguage":"ro-RO","@id":"https:\/\/bella-santiago.ro\/#\/schema\/logo\/image\/","url":"https:\/\/bella-santiago.ro\/wp-content\/uploads\/2024\/04\/logo1.jpg","contentUrl":"https:\/\/bella-santiago.ro\/wp-content\/uploads\/2024\/04\/logo1.jpg","width":1,"height":1,"caption":"Bella Santiago Official"},"image":{"@id":"https:\/\/bella-santiago.ro\/#\/schema\/logo\/image\/"},"sameAs":["https:\/\/www.facebook.com\/bellasantiagoo\/","https:\/\/www.youtube.com\/channel\/UCiYpLWegYld8lnKjv-4smYw","https:\/\/www.instagram.com\/bellasantiagofficial\/?hl=en","https:\/\/www.tiktok.com\/@bellasantiagobella?lang=en"]}]}},"_links":{"self":[{"href":"https:\/\/bella-santiago.ro\/index.php\/wp-json\/wp\/v2\/pages\/5770"}],"collection":[{"href":"https:\/\/bella-santiago.ro\/index.php\/wp-json\/wp\/v2\/pages"}],"about":[{"href":"https:\/\/bella-santiago.ro\/index.php\/wp-json\/wp\/v2\/types\/page"}],"author":[{"embeddable":true,"href":"https:\/\/bella-santiago.ro\/index.php\/wp-json\/wp\/v2\/users\/1"}],"replies":[{"embeddable":true,"href":"https:\/\/bella-santiago.ro\/index.php\/wp-json\/wp\/v2\/comments?post=5770"}],"version-history":[{"count":7,"href":"https:\/\/bella-santiago.ro\/index.php\/wp-json\/wp\/v2\/pages\/5770\/revisions"}],"predecessor-version":[{"id":5803,"href":"https:\/\/bella-santiago.ro\/index.php\/wp-json\/wp\/v2\/pages\/5770\/revisions\/5803"}],"wp:attachment":[{"href":"https:\/\/bella-santiago.ro\/index.php\/wp-json\/wp\/v2\/media?parent=5770"}],"curies":[{"name":"wp","href":"https:\/\/api.w.org\/{rel}","templated":true}]}}