{"id":5778,"date":"2024-04-03T10:59:37","date_gmt":"2024-04-03T07:59:37","guid":{"rendered":"https:\/\/bella-santiago.ro\/?page_id=5778"},"modified":"2024-04-03T11:01:22","modified_gmt":"2024-04-03T08:01:22","slug":"termeni-si-conditii","status":"publish","type":"page","link":"https:\/\/bella-santiago.ro\/index.php\/termeni-si-conditii\/","title":{"rendered":"Termeni si Conditii"},"content":{"rendered":"\t\t<div data-elementor-type=\"wp-page\" data-elementor-id=\"5778\" class=\"elementor elementor-5778\">\n\t\t\t\t\t\t\t<div class=\"elementor-element elementor-element-1135e98 e-flex e-con-boxed e-con e-parent\" data-id=\"1135e98\" data-element_type=\"container\" data-settings=\"{&quot;content_width&quot;:&quot;boxed&quot;}\" data-core-v316-plus=\"true\">\n\t\t\t\t\t<div class=\"e-con-inner\">\n\t\t\t\t<div class=\"elementor-element elementor-element-5fb09b7 elementor-widget elementor-widget-porto_ultimate_heading\" data-id=\"5fb09b7\" data-element_type=\"widget\" data-widget_type=\"porto_ultimate_heading.default\">\n\t\t\t\t<div class=\"elementor-widget-container\">\n\t\t\t<div class=\"porto-u-heading  porto-u-3568\"><div class=\"porto-u-sub-heading\" style=\"\"><div class=\"elementor-element elementor-element-8c6ecf9 elementor-widget elementor-widget-heading\" data-id=\"8c6ecf9\" data-element_type=\"widget\" data-widget_type=\"heading.default\"><div class=\"elementor-widget-container\"><h2 class=\"elementor-heading-title elementor-size-default\">Termeni si Conditii<\/h2><\/div><\/div><div class=\"elementor-element elementor-element-9f89f77 elementor-widget elementor-widget-text-editor\" data-id=\"9f89f77\" data-element_type=\"widget\" data-widget_type=\"text-editor.default\"><div class=\"elementor-widget-container\"><div class=\"flex flex-grow flex-col gap-3 max-w-full\"><div class=\"flex flex-col items-start gap-3 overflow-x-auto whitespace-pre-wrap break-words\"><div class=\"markdown prose w-full break-words dark:prose-invert light\"><p>Aceast\u0103 pagin\u0103 stabile\u0219te regulile \u0219i condi\u021biile pentru vizitarea \u0219i utilizarea site-ului Bella-Santiago.ro Aceste reguli se aplic\u0103 tuturor persoanelor care acceseaz\u0103 site-ul sau folosesc serviciile oferite pe acesta.<\/p><p><strong>Termeni Generali<\/strong><\/p><p>Mai trebuie s\u0103 men\u021bion\u0103m c\u0103 aceste reguli pot fi schimbate \u00een orice moment prin actualizarea acestei pagini. Con\u021binutul site-ului nu vine cu o garan\u021bie absolut\u0103 sau o obliga\u021bie din partea administratorului. Cu toate acestea, administratorul se angajeaz\u0103 s\u0103 monitorizeze \u0219i s\u0103 actualizeze informa\u021biile \u0219i con\u021binutul site-ului \u0219i s\u0103 elimine erorile c\u00e2t mai rapid posibil.<\/p><p>Utilizatorii accept\u0103 \u0219i confirm\u0103 c\u0103 vor respecta aceste reguli \u00een totalitate \u0219i f\u0103r\u0103 nicio condi\u021bie atunci c\u00e2nd continu\u0103 s\u0103 utilizeze site-ul. Dac\u0103 nu sunt de acord cu aceste reguli, utilizatorilor li se recomand\u0103 s\u0103 nu mai acceseze site-ul sau serviciile care corespund acestor reguli.<\/p><p><strong>Drepturi asupra Site-ului \u0219i Con\u021binutului S\u0103u<\/strong><\/p><p>Con\u021binutul site-ului este de\u021binut de administratorul site-ului \u0219i partenerii s\u0103i \u0219i este protejat de drepturi de autor, proprietate intelectual\u0103 \u0219i alte drepturi conexe. Serviciile promovate pe site sunt de asemenea proprietatea administratorului. Excep\u021bia const\u0103 \u00een materialele care indic\u0103 un alt titular sau de\u021bin\u0103tor de drepturi sau o alt\u0103 surs\u0103 de informa\u021bie. Aici intr\u0103 \u0219i comentariile sau p\u0103rerile exprimate de utilizatorii site-ului, chiar dac\u0103 acestea sunt preluate de administrator pentru republicare pe site. \u00cen cazul \u00een care utilizatorii nu respect\u0103 regulile \u0219i condi\u021biile, pot fi f\u0103cu\u021bi responsabili pentru con\u021binutul site-ului.<\/p><p>Preluarea de material sau informa\u021bii de la un alt produc\u0103tor, furnizor de servicii sau creator de con\u021binut care apar pe site, sub orice form\u0103, trebuie s\u0103 respecte legea. Preluarea de con\u021binut trebuie s\u0103 fie f\u0103cut\u0103 exclusiv \u00een scopuri necomerciale, f\u0103r\u0103 inten\u021bia direct\u0103 sau indirect\u0103 de a ob\u021bine profit din con\u021binut sau din site. Preluarea de con\u021binut trebuie s\u0103 fie realizat\u0103 numai cu acordul scris, clar \u0219i prealabil al administratorului. \u00cen caz contrar, sanc\u021biunile legale sunt aplicabile.<\/p><p>Prin acceptul men\u021bionat mai sus, utilizatorii confirm\u0103 c\u0103 informa\u021biile \u0219i materialele de orice fel prezentate pe site au un scop informativ \u0219i orientativ.<\/p><p><strong>Responsabilit\u0103\u021bile Utilizatorului<\/strong><\/p><p>Utilizatorilor le este interzis s\u0103 copieze, reproduc\u0103, publice, transmit\u0103 sau distribuie con\u021binutul acestui site, indiferent de form\u0103. Utilizatorii au \u0219i obliga\u021bia de a nu prejudicia drepturile de autor ale site-ului sau ale ter\u021bilor atunci c\u00e2nd preiau sau comunic\u0103 cu administratorul site-ului sau cu echipa sa.<\/p><p>Aceste restric\u021bii se aplic\u0103 \u0219i materialelor trimise c\u0103tre site. Administratorul are dreptul de a nu publica informa\u021bii, opinii sau comentarii ale utilizatorilor dac\u0103 acestea con\u021bin expresii licen\u021bioase sau care pot cauza disconfort altor utilizatori. Materialele, opiniile sau informa\u021biile de acest fel sunt strict interzise, iar responsabilitatea pentru con\u021binutul lor apar\u021bine utilizatorilor.<\/p><p>De asemenea, utilizatorii \u00een\u021beleg \u0219i accept\u0103 c\u0103 site-ul sau con\u021binutul s\u0103u poate s\u0103 con\u021bin\u0103 leg\u0103turi c\u0103tre alte site-uri unde pot fi redirec\u021biona\u021bi. Con\u021binutul acestor site-uri poate fi de produse, furnizori de servicii, exemple din jurispruden\u021b\u0103 sau alte site-uri informative.<\/p><p>\u00cen plus, comunicarea cu administratorul site-ului sau cu partenerii s\u0103i prin intermediul site-ului este informal\u0103 \u0219i are scop exclusiv informativ, \u0219i nu medical.<\/p><p><strong>Protec\u021bia Datelor Personale ale Utilizatorului<\/strong><\/p><p>Site-ul protejeaz\u0103 datele personale ale utilizatorilor conform legilor \u00een vigoare din Rom\u00e2nia referitoare la protec\u021bia datelor cu caracter personal \u0219i comunicarea electronic\u0103. Administratorul asigur\u0103 p\u0103strarea \u00een siguran\u021b\u0103 a datelor personale furnizate de utilizatori \u0219i le folose\u0219te numai \u00een scopurile men\u021bionate pe pagina corespunz\u0103toare. Utilizatorii, prin completarea datelor lor, sunt de acord ca acestea s\u0103 fie incluse \u00een baza de date a administratorului site-ului. Aceste date pot fi folosite \u00een scopuri de marketing, informa\u021bionale sau \u00een cadrul ini\u021biativelor comerciale sau non-comerciale. Utilizatorii pot primi mesaje legate de promo\u021bii, concursuri sau alte tipuri de notific\u0103ri.<\/p><p><strong>Responsabilit\u0103\u021bile Administratorului Site-ului<\/strong><\/p><p>Administratorul nu este r\u0103spunz\u0103tor pentru prejudiciile ap\u0103rute \u00een cazul \u00een care con\u021binutul site-ului sau site-ul \u00een sine sunt utiliza\u021bi de ter\u021be p\u0103r\u021bi. Administratorul nu poate fi f\u0103cut r\u0103spunz\u0103tor \u00een cazul \u00een care datele trimise nu pot fi utilizate sau sunt eronate. Riscul navig\u0103rii pe orice alt site care apare \u00een con\u021binutul site-ului apar\u021bine utilizatorului, nu administratorului.<\/p><p>Anun\u021burile publicitare sau cele incluse \u00een servicii nu cad sub responsabilitatea administratorului, ci a autorilor lor. De asemenea, toate serviciile prezentate pe site sunt disponibile \u00een func\u021bie de stoc.<\/p><p><strong>Cazuri de For\u021b\u0103 Major\u0103<\/strong><\/p><p>Administratorul \u0219i partenerii s\u0103i nu sunt r\u0103spunz\u0103tori pentru cazurile de for\u021b\u0103 major\u0103, inclusiv erorile tehnice ale echipamentului administratorului, lipsa sau nefunc\u021bionarea conexiunilor telefonice sau la internet, viru\u0219ii sau alte erori informatice, accesul neautorizat la platformele sau sistemele site-ului sau alte situa\u021bii cu impact social. \u00cen cazul \u00een care oricare dintre ac\u021biunile utilizatorilor men\u021bionate \u00een aceste reguli cauzeaz\u0103 prejudicii site-ului, utilizatorul este obligat s\u0103 desp\u0103gubeasc\u0103 integral administratorul site-ului pentru consecin\u021bele juridice sau de alt\u0103 natur\u0103.<\/p><p><strong>Lege \u0219i Litigii<\/strong><\/p><p>Toate prevederile din aceste reguli \u0219i efectele lor juridice se supun legisla\u021biei \u00een vigoare din Rom\u00e2nia \u0219i vor fi tratate ca atare. Orice litigiu ap\u0103rut ca urmare a acestor reguli va fi solu\u021bionat pe cale amiabil\u0103. Dac\u0103 acest efort e\u0219ueaz\u0103, litigiul va fi adus \u00een fa\u021ba instan\u021bei judec\u0103tore\u0219ti competente din municipiul Bucure\u0219ti.<\/p><p><strong>Modific\u0103ri \u00een Termeni \u0219i Condi\u021bii<\/strong><\/p><p>Oricare dintre aceste prevederi poate fi modificat\u0103 \u00een orice moment, f\u0103r\u0103 notific\u0103ri sau inform\u0103ri. Aceast\u0103 modificare se consider\u0103 acceptat\u0103 \u00een momentul \u00een care utilizatorul acceseaz\u0103 site-ul. \u00cen cazul \u00een care utilizatorul nu accept\u0103 modificarea, este obligat s\u0103 nu mai acceseze site-ul sau serviciul afectat de aceast\u0103 modificare.<\/p><\/div><\/div><\/div><\/div><\/div><\/div><style>.porto-u-3568.porto-u-heading{text-align:center}<\/style><\/div>\t\t<\/div>\n\t\t\t\t<\/div>\n\t\t\t\t\t<\/div>\n\t\t\t\t<\/div>\n\t\t\t\t\t\t\t<\/div>\n\t\t","protected":false},"excerpt":{"rendered":"<p>Termeni si Conditii Aceast\u0103 pagin\u0103 stabile\u0219te regulile \u0219i condi\u021biile pentru vizitarea \u0219i utilizarea site-ului Bella-Santiago.ro Aceste reguli se aplic\u0103 tuturor persoanelor care acceseaz\u0103 site-ul sau folosesc serviciile oferite pe acesta. Termeni Generali Mai trebuie s\u0103 men\u021bion\u0103m c\u0103 aceste reguli pot fi schimbate \u00een orice moment prin actualizarea acestei pagini. Con\u021binutul site-ului nu vine cu o [&hellip;]<\/p>\n","protected":false},"author":1,"featured_media":0,"parent":0,"menu_order":0,"comment_status":"closed","ping_status":"closed","template":"","meta":{"footnotes":""},"yoast_head":"<!-- This site is optimized with the Yoast SEO plugin v22.3 - https:\/\/yoast.com\/wordpress\/plugins\/seo\/ -->\n<title>Termeni si Conditii - Bella Santiago Official<\/title>\n<meta name=\"robots\" content=\"index, follow, max-snippet:-1, max-image-preview:large, max-video-preview:-1\" \/>\n<link rel=\"canonical\" href=\"https:\/\/bella-santiago.ro\/index.php\/termeni-si-conditii\/\" \/>\n<meta property=\"og:locale\" content=\"ro_RO\" \/>\n<meta property=\"og:type\" content=\"article\" \/>\n<meta property=\"og:title\" content=\"Termeni si Conditii - Bella Santiago Official\" \/>\n<meta property=\"og:description\" content=\"Termeni si Conditii Aceast\u0103 pagin\u0103 stabile\u0219te regulile \u0219i condi\u021biile pentru vizitarea \u0219i utilizarea site-ului Bella-Santiago.ro Aceste reguli se aplic\u0103 tuturor persoanelor care acceseaz\u0103 site-ul sau folosesc serviciile oferite pe acesta. Termeni Generali Mai trebuie s\u0103 men\u021bion\u0103m c\u0103 aceste reguli pot fi schimbate \u00een orice moment prin actualizarea acestei pagini. Con\u021binutul site-ului nu vine cu o [&hellip;]\" \/>\n<meta property=\"og:url\" content=\"https:\/\/bella-santiago.ro\/index.php\/termeni-si-conditii\/\" \/>\n<meta property=\"og:site_name\" content=\"Bella Santiago Official\" \/>\n<meta property=\"article:publisher\" content=\"https:\/\/www.facebook.com\/bellasantiagoo\/\" \/>\n<meta property=\"article:modified_time\" content=\"2024-04-03T08:01:22+00:00\" \/>\n<meta property=\"og:image\" content=\"https:\/\/bella-santiago.ro\/wp-content\/uploads\/2024\/01\/logo-black.png\" \/>\n\t<meta property=\"og:image:width\" content=\"9338\" \/>\n\t<meta property=\"og:image:height\" content=\"5238\" \/>\n\t<meta property=\"og:image:type\" content=\"image\/png\" \/>\n<meta name=\"twitter:card\" content=\"summary_large_image\" \/>\n<meta name=\"twitter:label1\" content=\"Timp estimat pentru citire\" \/>\n\t<meta name=\"twitter:data1\" content=\"10 minute\" \/>\n<script type=\"application\/ld+json\" class=\"yoast-schema-graph\">{\"@context\":\"https:\/\/schema.org\",\"@graph\":[{\"@type\":\"WebPage\",\"@id\":\"https:\/\/bella-santiago.ro\/index.php\/termeni-si-conditii\/\",\"url\":\"https:\/\/bella-santiago.ro\/index.php\/termeni-si-conditii\/\",\"name\":\"Termeni si Conditii - Bella Santiago Official\",\"isPartOf\":{\"@id\":\"https:\/\/bella-santiago.ro\/#website\"},\"datePublished\":\"2024-04-03T07:59:37+00:00\",\"dateModified\":\"2024-04-03T08:01:22+00:00\",\"breadcrumb\":{\"@id\":\"https:\/\/bella-santiago.ro\/index.php\/termeni-si-conditii\/#breadcrumb\"},\"inLanguage\":\"ro-RO\",\"potentialAction\":[{\"@type\":\"ReadAction\",\"target\":[\"https:\/\/bella-santiago.ro\/index.php\/termeni-si-conditii\/\"]}]},{\"@type\":\"BreadcrumbList\",\"@id\":\"https:\/\/bella-santiago.ro\/index.php\/termeni-si-conditii\/#breadcrumb\",\"itemListElement\":[{\"@type\":\"ListItem\",\"position\":1,\"name\":\"Prima pagin\u0103\",\"item\":\"https:\/\/bella-santiago.ro\/\"},{\"@type\":\"ListItem\",\"position\":2,\"name\":\"Termeni si Conditii\"}]},{\"@type\":\"WebSite\",\"@id\":\"https:\/\/bella-santiago.ro\/#website\",\"url\":\"https:\/\/bella-santiago.ro\/\",\"name\":\"Bella Santiago Official\",\"description\":\"Bella Santiago Official\",\"publisher\":{\"@id\":\"https:\/\/bella-santiago.ro\/#organization\"},\"potentialAction\":[{\"@type\":\"SearchAction\",\"target\":{\"@type\":\"EntryPoint\",\"urlTemplate\":\"https:\/\/bella-santiago.ro\/?s={search_term_string}\"},\"query-input\":\"required name=search_term_string\"}],\"inLanguage\":\"ro-RO\"},{\"@type\":\"Organization\",\"@id\":\"https:\/\/bella-santiago.ro\/#organization\",\"name\":\"Bella Santiago Official\",\"url\":\"https:\/\/bella-santiago.ro\/\",\"logo\":{\"@type\":\"ImageObject\",\"inLanguage\":\"ro-RO\",\"@id\":\"https:\/\/bella-santiago.ro\/#\/schema\/logo\/image\/\",\"url\":\"https:\/\/bella-santiago.ro\/wp-content\/uploads\/2024\/04\/logo1.jpg\",\"contentUrl\":\"https:\/\/bella-santiago.ro\/wp-content\/uploads\/2024\/04\/logo1.jpg\",\"width\":1,\"height\":1,\"caption\":\"Bella Santiago Official\"},\"image\":{\"@id\":\"https:\/\/bella-santiago.ro\/#\/schema\/logo\/image\/\"},\"sameAs\":[\"https:\/\/www.facebook.com\/bellasantiagoo\/\",\"https:\/\/www.youtube.com\/channel\/UCiYpLWegYld8lnKjv-4smYw\",\"https:\/\/www.instagram.com\/bellasantiagofficial\/?hl=en\",\"https:\/\/www.tiktok.com\/@bellasantiagobella?lang=en\"]}]}<\/script>\n<!-- \/ Yoast SEO plugin. -->","yoast_head_json":{"title":"Termeni si Conditii - Bella Santiago Official","robots":{"index":"index","follow":"follow","max-snippet":"max-snippet:-1","max-image-preview":"max-image-preview:large","max-video-preview":"max-video-preview:-1"},"canonical":"https:\/\/bella-santiago.ro\/index.php\/termeni-si-conditii\/","og_locale":"ro_RO","og_type":"article","og_title":"Termeni si Conditii - Bella Santiago Official","og_description":"Termeni si Conditii Aceast\u0103 pagin\u0103 stabile\u0219te regulile \u0219i condi\u021biile pentru vizitarea \u0219i utilizarea site-ului Bella-Santiago.ro Aceste reguli se aplic\u0103 tuturor persoanelor care acceseaz\u0103 site-ul sau folosesc serviciile oferite pe acesta. Termeni Generali Mai trebuie s\u0103 men\u021bion\u0103m c\u0103 aceste reguli pot fi schimbate \u00een orice moment prin actualizarea acestei pagini. Con\u021binutul site-ului nu vine cu o [&hellip;]","og_url":"https:\/\/bella-santiago.ro\/index.php\/termeni-si-conditii\/","og_site_name":"Bella Santiago Official","article_publisher":"https:\/\/www.facebook.com\/bellasantiagoo\/","article_modified_time":"2024-04-03T08:01:22+00:00","og_image":[{"width":9338,"height":5238,"url":"https:\/\/bella-santiago.ro\/wp-content\/uploads\/2024\/01\/logo-black.png","type":"image\/png"}],"twitter_card":"summary_large_image","twitter_misc":{"Timp estimat pentru citire":"10 minute"},"schema":{"@context":"https:\/\/schema.org","@graph":[{"@type":"WebPage","@id":"https:\/\/bella-santiago.ro\/index.php\/termeni-si-conditii\/","url":"https:\/\/bella-santiago.ro\/index.php\/termeni-si-conditii\/","name":"Termeni si Conditii - Bella Santiago Official","isPartOf":{"@id":"https:\/\/bella-santiago.ro\/#website"},"datePublished":"2024-04-03T07:59:37+00:00","dateModified":"2024-04-03T08:01:22+00:00","breadcrumb":{"@id":"https:\/\/bella-santiago.ro\/index.php\/termeni-si-conditii\/#breadcrumb"},"inLanguage":"ro-RO","potentialAction":[{"@type":"ReadAction","target":["https:\/\/bella-santiago.ro\/index.php\/termeni-si-conditii\/"]}]},{"@type":"BreadcrumbList","@id":"https:\/\/bella-santiago.ro\/index.php\/termeni-si-conditii\/#breadcrumb","itemListElement":[{"@type":"ListItem","position":1,"name":"Prima pagin\u0103","item":"https:\/\/bella-santiago.ro\/"},{"@type":"ListItem","position":2,"name":"Termeni si Conditii"}]},{"@type":"WebSite","@id":"https:\/\/bella-santiago.ro\/#website","url":"https:\/\/bella-santiago.ro\/","name":"Bella Santiago Official","description":"Bella Santiago Official","publisher":{"@id":"https:\/\/bella-santiago.ro\/#organization"},"potentialAction":[{"@type":"SearchAction","target":{"@type":"EntryPoint","urlTemplate":"https:\/\/bella-santiago.ro\/?s={search_term_string}"},"query-input":"required name=search_term_string"}],"inLanguage":"ro-RO"},{"@type":"Organization","@id":"https:\/\/bella-santiago.ro\/#organization","name":"Bella Santiago Official","url":"https:\/\/bella-santiago.ro\/","logo":{"@type":"ImageObject","inLanguage":"ro-RO","@id":"https:\/\/bella-santiago.ro\/#\/schema\/logo\/image\/","url":"https:\/\/bella-santiago.ro\/wp-content\/uploads\/2024\/04\/logo1.jpg","contentUrl":"https:\/\/bella-santiago.ro\/wp-content\/uploads\/2024\/04\/logo1.jpg","width":1,"height":1,"caption":"Bella Santiago Official"},"image":{"@id":"https:\/\/bella-santiago.ro\/#\/schema\/logo\/image\/"},"sameAs":["https:\/\/www.facebook.com\/bellasantiagoo\/","https:\/\/www.youtube.com\/channel\/UCiYpLWegYld8lnKjv-4smYw","https:\/\/www.instagram.com\/bellasantiagofficial\/?hl=en","https:\/\/www.tiktok.com\/@bellasantiagobella?lang=en"]}]}},"_links":{"self":[{"href":"https:\/\/bella-santiago.ro\/index.php\/wp-json\/wp\/v2\/pages\/5778"}],"collection":[{"href":"https:\/\/bella-santiago.ro\/index.php\/wp-json\/wp\/v2\/pages"}],"about":[{"href":"https:\/\/bella-santiago.ro\/index.php\/wp-json\/wp\/v2\/types\/page"}],"author":[{"embeddable":true,"href":"https:\/\/bella-santiago.ro\/index.php\/wp-json\/wp\/v2\/users\/1"}],"replies":[{"embeddable":true,"href":"https:\/\/bella-santiago.ro\/index.php\/wp-json\/wp\/v2\/comments?post=5778"}],"version-history":[{"count":4,"href":"https:\/\/bella-santiago.ro\/index.php\/wp-json\/wp\/v2\/pages\/5778\/revisions"}],"predecessor-version":[{"id":5782,"href":"https:\/\/bella-santiago.ro\/index.php\/wp-json\/wp\/v2\/pages\/5778\/revisions\/5782"}],"wp:attachment":[{"href":"https:\/\/bella-santiago.ro\/index.php\/wp-json\/wp\/v2\/media?parent=5778"}],"curies":[{"name":"wp","href":"https:\/\/api.w.org\/{rel}","templated":true}]}}